{"id":16337,"date":"2024-10-09T21:41:31","date_gmt":"2024-10-09T19:41:31","guid":{"rendered":"https:\/\/comix-treme.com\/?page_id=16337"},"modified":"2024-10-09T21:41:31","modified_gmt":"2024-10-09T19:41:31","slug":"films","status":"publish","type":"page","link":"https:\/\/comix-treme.com\/index.php\/films\/","title":{"rendered":"Films"},"content":{"rendered":"\t\t<div data-elementor-type=\"wp-page\" data-elementor-id=\"16337\" class=\"elementor elementor-16337\">\n\t\t\t\t\t\t<section class=\"elementor-section elementor-top-section elementor-element elementor-element-58e71ec elementor-section-boxed elementor-section-height-default elementor-section-height-default\" data-id=\"58e71ec\" data-element_type=\"section\" data-e-type=\"section\">\n\t\t\t\t\t\t<div class=\"elementor-container elementor-column-gap-default\">\n\t\t\t\t\t<div class=\"elementor-column elementor-col-100 elementor-top-column elementor-element elementor-element-5288d9e\" data-id=\"5288d9e\" data-element_type=\"column\" data-e-type=\"column\">\n\t\t\t<div class=\"elementor-widget-wrap elementor-element-populated\">\n\t\t\t\t\t\t<div class=\"elementor-element elementor-element-35b8300 elementor-widget elementor-widget-heading\" data-id=\"35b8300\" data-element_type=\"widget\" data-e-type=\"widget\" data-widget_type=\"heading.default\">\n\t\t\t\t<div class=\"elementor-widget-container\">\n\t\t\t\t\t<h2 class=\"elementor-heading-title elementor-size-default\">Cette zone ne poss\u00e8de pas de contenu pour l'instant !<\/h2>\t\t\t\t<\/div>\n\t\t\t\t<\/div>\n\t\t\t\t<div class=\"elementor-element elementor-element-f9cc503 elementor-widget elementor-widget-image\" data-id=\"f9cc503\" data-element_type=\"widget\" data-e-type=\"widget\" data-widget_type=\"image.default\">\n\t\t\t\t<div class=\"elementor-widget-container\">\n\t\t\t\t\t\t\t\t\t\t\t\t<figure class=\"wp-caption\">\n\t\t\t\t\t\t\t\t\t\t<img fetchpriority=\"high\" decoding=\"async\" width=\"300\" height=\"169\" src=\"https:\/\/comix-treme.com\/wp-content\/uploads\/2021\/08\/Spider-Man-Emblem-1-300x169.png\" class=\"attachment-medium size-medium wp-image-9635\" alt=\"\" srcset=\"https:\/\/comix-treme.com\/wp-content\/uploads\/2021\/08\/Spider-Man-Emblem-1-300x169.png 300w, https:\/\/comix-treme.com\/wp-content\/uploads\/2021\/08\/Spider-Man-Emblem-1-1024x576.png 1024w, https:\/\/comix-treme.com\/wp-content\/uploads\/2021\/08\/Spider-Man-Emblem-1-768x432.png 768w, https:\/\/comix-treme.com\/wp-content\/uploads\/2021\/08\/Spider-Man-Emblem-1-1536x864.png 1536w, https:\/\/comix-treme.com\/wp-content\/uploads\/2021\/08\/Spider-Man-Emblem-1-2048x1152.png 2048w\" sizes=\"(max-width: 300px) 100vw, 300px\" \/>\t\t\t\t\t\t\t\t\t\t\t<figcaption class=\"widget-image-caption wp-caption-text\">\u00a9  MARVEL<\/figcaption>\n\t\t\t\t\t\t\t\t\t\t<\/figure>\n\t\t\t\t\t\t\t\t\t<\/div>\n\t\t\t\t<\/div>\n\t\t\t\t\t<\/div>\n\t\t<\/div>\n\t\t\t\t\t<\/div>\n\t\t<\/section>\n\t\t\t\t<\/div>\n\t\t","protected":false},"excerpt":{"rendered":"<p>Cette zone ne poss\u00e8de pas de contenu pour l&rsquo;instant ! \u00a9 MARVEL<\/p>\n","protected":false},"author":2,"featured_media":0,"parent":0,"menu_order":0,"comment_status":"closed","ping_status":"closed","template":"","meta":{"footnotes":""},"class_list":["post-16337","page","type-page","status-publish","hentry"],"yoast_head":"<!-- This site is optimized with the Yoast SEO plugin v25.6 - https:\/\/yoast.com\/wordpress\/plugins\/seo\/ -->\n<title>Films - COMIX&#039;TR\u00caME<\/title>\n<meta name=\"robots\" content=\"index, follow, max-snippet:-1, max-image-preview:large, max-video-preview:-1\" \/>\n<link rel=\"canonical\" href=\"https:\/\/comix-treme.com\/index.php\/films\/\" \/>\n<meta property=\"og:locale\" content=\"fr_FR\" \/>\n<meta property=\"og:type\" content=\"article\" \/>\n<meta property=\"og:title\" content=\"Films - COMIX&#039;TR\u00caME\" \/>\n<meta property=\"og:description\" content=\"Cette zone ne poss\u00e8de pas de contenu pour l&rsquo;instant ! \u00a9 MARVEL\" \/>\n<meta property=\"og:url\" content=\"https:\/\/comix-treme.com\/index.php\/films\/\" \/>\n<meta property=\"og:site_name\" content=\"COMIX&#039;TR\u00caME\" \/>\n<meta property=\"og:image\" content=\"https:\/\/comix-treme.com\/wp-content\/uploads\/2021\/08\/Spider-Man-Emblem-1.png\" \/>\n\t<meta property=\"og:image:width\" content=\"3840\" \/>\n\t<meta property=\"og:image:height\" content=\"2160\" \/>\n\t<meta property=\"og:image:type\" content=\"image\/png\" \/>\n<meta name=\"twitter:card\" content=\"summary_large_image\" \/>\n<meta name=\"twitter:label1\" content=\"Dur\u00e9e de lecture estim\u00e9e\" \/>\n\t<meta name=\"twitter:data1\" content=\"1 minute\" \/>\n<script type=\"application\/ld+json\" class=\"yoast-schema-graph\">{\"@context\":\"https:\/\/schema.org\",\"@graph\":[{\"@type\":\"WebPage\",\"@id\":\"https:\/\/comix-treme.com\/index.php\/films\/\",\"url\":\"https:\/\/comix-treme.com\/index.php\/films\/\",\"name\":\"Films - COMIX&#039;TR\u00caME\",\"isPartOf\":{\"@id\":\"https:\/\/comix-treme.com\/#website\"},\"primaryImageOfPage\":{\"@id\":\"https:\/\/comix-treme.com\/index.php\/films\/#primaryimage\"},\"image\":{\"@id\":\"https:\/\/comix-treme.com\/index.php\/films\/#primaryimage\"},\"thumbnailUrl\":\"https:\/\/comix-treme.com\/wp-content\/uploads\/2021\/08\/Spider-Man-Emblem-1-300x169.png\",\"datePublished\":\"2024-10-09T19:41:31+00:00\",\"breadcrumb\":{\"@id\":\"https:\/\/comix-treme.com\/index.php\/films\/#breadcrumb\"},\"inLanguage\":\"fr-FR\",\"potentialAction\":[{\"@type\":\"ReadAction\",\"target\":[\"https:\/\/comix-treme.com\/index.php\/films\/\"]}]},{\"@type\":\"ImageObject\",\"inLanguage\":\"fr-FR\",\"@id\":\"https:\/\/comix-treme.com\/index.php\/films\/#primaryimage\",\"url\":\"https:\/\/comix-treme.com\/wp-content\/uploads\/2021\/08\/Spider-Man-Emblem-1.png\",\"contentUrl\":\"https:\/\/comix-treme.com\/wp-content\/uploads\/2021\/08\/Spider-Man-Emblem-1.png\",\"width\":3840,\"height\":2160,\"caption\":\"\u00a9 Marvel\"},{\"@type\":\"BreadcrumbList\",\"@id\":\"https:\/\/comix-treme.com\/index.php\/films\/#breadcrumb\",\"itemListElement\":[{\"@type\":\"ListItem\",\"position\":1,\"name\":\"Home\",\"item\":\"https:\/\/comix-treme.com\/\"},{\"@type\":\"ListItem\",\"position\":2,\"name\":\"Films\"}]},{\"@type\":\"WebSite\",\"@id\":\"https:\/\/comix-treme.com\/#website\",\"url\":\"https:\/\/comix-treme.com\/\",\"name\":\"COMIX&#039;TR\u00caME\",\"description\":\"Pour les fans de comics, \u00e0 l&#039;extr\u00eame !\",\"publisher\":{\"@id\":\"https:\/\/comix-treme.com\/#organization\"},\"potentialAction\":[{\"@type\":\"SearchAction\",\"target\":{\"@type\":\"EntryPoint\",\"urlTemplate\":\"https:\/\/comix-treme.com\/?s={search_term_string}\"},\"query-input\":{\"@type\":\"PropertyValueSpecification\",\"valueRequired\":true,\"valueName\":\"search_term_string\"}}],\"inLanguage\":\"fr-FR\"},{\"@type\":\"Organization\",\"@id\":\"https:\/\/comix-treme.com\/#organization\",\"name\":\"COMIX&#039;TR\u00caME\",\"url\":\"https:\/\/comix-treme.com\/\",\"logo\":{\"@type\":\"ImageObject\",\"inLanguage\":\"fr-FR\",\"@id\":\"https:\/\/comix-treme.com\/#\/schema\/logo\/image\/\",\"url\":\"https:\/\/comix-treme.com\/wp-content\/uploads\/2023\/03\/cropped-Banniere-10-Sans-Fond-Version-2.png\",\"contentUrl\":\"https:\/\/comix-treme.com\/wp-content\/uploads\/2023\/03\/cropped-Banniere-10-Sans-Fond-Version-2.png\",\"width\":3261,\"height\":862,\"caption\":\"COMIX&#039;TR\u00caME\"},\"image\":{\"@id\":\"https:\/\/comix-treme.com\/#\/schema\/logo\/image\/\"}}]}<\/script>\n<!-- \/ Yoast SEO plugin. -->","yoast_head_json":{"title":"Films - COMIX&#039;TR\u00caME","robots":{"index":"index","follow":"follow","max-snippet":"max-snippet:-1","max-image-preview":"max-image-preview:large","max-video-preview":"max-video-preview:-1"},"canonical":"https:\/\/comix-treme.com\/index.php\/films\/","og_locale":"fr_FR","og_type":"article","og_title":"Films - COMIX&#039;TR\u00caME","og_description":"Cette zone ne poss\u00e8de pas de contenu pour l&rsquo;instant ! \u00a9 MARVEL","og_url":"https:\/\/comix-treme.com\/index.php\/films\/","og_site_name":"COMIX&#039;TR\u00caME","og_image":[{"width":3840,"height":2160,"url":"https:\/\/comix-treme.com\/wp-content\/uploads\/2021\/08\/Spider-Man-Emblem-1.png","type":"image\/png"}],"twitter_card":"summary_large_image","twitter_misc":{"Dur\u00e9e de lecture estim\u00e9e":"1 minute"},"schema":{"@context":"https:\/\/schema.org","@graph":[{"@type":"WebPage","@id":"https:\/\/comix-treme.com\/index.php\/films\/","url":"https:\/\/comix-treme.com\/index.php\/films\/","name":"Films - COMIX&#039;TR\u00caME","isPartOf":{"@id":"https:\/\/comix-treme.com\/#website"},"primaryImageOfPage":{"@id":"https:\/\/comix-treme.com\/index.php\/films\/#primaryimage"},"image":{"@id":"https:\/\/comix-treme.com\/index.php\/films\/#primaryimage"},"thumbnailUrl":"https:\/\/comix-treme.com\/wp-content\/uploads\/2021\/08\/Spider-Man-Emblem-1-300x169.png","datePublished":"2024-10-09T19:41:31+00:00","breadcrumb":{"@id":"https:\/\/comix-treme.com\/index.php\/films\/#breadcrumb"},"inLanguage":"fr-FR","potentialAction":[{"@type":"ReadAction","target":["https:\/\/comix-treme.com\/index.php\/films\/"]}]},{"@type":"ImageObject","inLanguage":"fr-FR","@id":"https:\/\/comix-treme.com\/index.php\/films\/#primaryimage","url":"https:\/\/comix-treme.com\/wp-content\/uploads\/2021\/08\/Spider-Man-Emblem-1.png","contentUrl":"https:\/\/comix-treme.com\/wp-content\/uploads\/2021\/08\/Spider-Man-Emblem-1.png","width":3840,"height":2160,"caption":"\u00a9 Marvel"},{"@type":"BreadcrumbList","@id":"https:\/\/comix-treme.com\/index.php\/films\/#breadcrumb","itemListElement":[{"@type":"ListItem","position":1,"name":"Home","item":"https:\/\/comix-treme.com\/"},{"@type":"ListItem","position":2,"name":"Films"}]},{"@type":"WebSite","@id":"https:\/\/comix-treme.com\/#website","url":"https:\/\/comix-treme.com\/","name":"COMIX&#039;TR\u00caME","description":"Pour les fans de comics, \u00e0 l&#039;extr\u00eame !","publisher":{"@id":"https:\/\/comix-treme.com\/#organization"},"potentialAction":[{"@type":"SearchAction","target":{"@type":"EntryPoint","urlTemplate":"https:\/\/comix-treme.com\/?s={search_term_string}"},"query-input":{"@type":"PropertyValueSpecification","valueRequired":true,"valueName":"search_term_string"}}],"inLanguage":"fr-FR"},{"@type":"Organization","@id":"https:\/\/comix-treme.com\/#organization","name":"COMIX&#039;TR\u00caME","url":"https:\/\/comix-treme.com\/","logo":{"@type":"ImageObject","inLanguage":"fr-FR","@id":"https:\/\/comix-treme.com\/#\/schema\/logo\/image\/","url":"https:\/\/comix-treme.com\/wp-content\/uploads\/2023\/03\/cropped-Banniere-10-Sans-Fond-Version-2.png","contentUrl":"https:\/\/comix-treme.com\/wp-content\/uploads\/2023\/03\/cropped-Banniere-10-Sans-Fond-Version-2.png","width":3261,"height":862,"caption":"COMIX&#039;TR\u00caME"},"image":{"@id":"https:\/\/comix-treme.com\/#\/schema\/logo\/image\/"}}]}},"jetpack_sharing_enabled":true,"jetpack_likes_enabled":true,"jetpack-related-posts":[],"jetpack_shortlink":"https:\/\/wp.me\/Pb2Nr0-4fv","_links":{"self":[{"href":"https:\/\/comix-treme.com\/index.php\/wp-json\/wp\/v2\/pages\/16337"}],"collection":[{"href":"https:\/\/comix-treme.com\/index.php\/wp-json\/wp\/v2\/pages"}],"about":[{"href":"https:\/\/comix-treme.com\/index.php\/wp-json\/wp\/v2\/types\/page"}],"author":[{"embeddable":true,"href":"https:\/\/comix-treme.com\/index.php\/wp-json\/wp\/v2\/users\/2"}],"replies":[{"embeddable":true,"href":"https:\/\/comix-treme.com\/index.php\/wp-json\/wp\/v2\/comments?post=16337"}],"version-history":[{"count":5,"href":"https:\/\/comix-treme.com\/index.php\/wp-json\/wp\/v2\/pages\/16337\/revisions"}],"predecessor-version":[{"id":16342,"href":"https:\/\/comix-treme.com\/index.php\/wp-json\/wp\/v2\/pages\/16337\/revisions\/16342"}],"wp:attachment":[{"href":"https:\/\/comix-treme.com\/index.php\/wp-json\/wp\/v2\/media?parent=16337"}],"curies":[{"name":"wp","href":"https:\/\/api.w.org\/{rel}","templated":true}]}}