{"id":16236,"date":"2024-10-07T14:19:53","date_gmt":"2024-10-07T12:19:53","guid":{"rendered":"https:\/\/comix-treme.com\/?page_id=16236"},"modified":"2024-10-10T14:16:21","modified_gmt":"2024-10-10T12:16:21","slug":"rubriques","status":"publish","type":"page","link":"https:\/\/comix-treme.com\/index.php\/rubriques\/","title":{"rendered":"Rubriques"},"content":{"rendered":"\t\t<div data-elementor-type=\"wp-page\" data-elementor-id=\"16236\" class=\"elementor elementor-16236\">\n\t\t\t\t\t\t<section class=\"elementor-section elementor-top-section elementor-element elementor-element-d33a9b6 elementor-section-boxed elementor-section-height-default elementor-section-height-default\" data-id=\"d33a9b6\" data-element_type=\"section\" data-e-type=\"section\">\n\t\t\t\t\t\t<div class=\"elementor-container elementor-column-gap-default\">\n\t\t\t\t\t<div class=\"elementor-column elementor-col-100 elementor-top-column elementor-element elementor-element-683da18\" data-id=\"683da18\" data-element_type=\"column\" data-e-type=\"column\" data-settings=\"{&quot;background_background&quot;:&quot;classic&quot;}\">\n\t\t\t<div class=\"elementor-widget-wrap elementor-element-populated\">\n\t\t\t\t\t\t<div class=\"elementor-element elementor-element-d061902 elementor-widget elementor-widget-heading\" data-id=\"d061902\" data-element_type=\"widget\" data-e-type=\"widget\" data-widget_type=\"heading.default\">\n\t\t\t\t<div class=\"elementor-widget-container\">\n\t\t\t\t\t<h1 class=\"elementor-heading-title elementor-size-default\">LES RUBRIQUES<\/h1>\t\t\t\t<\/div>\n\t\t\t\t<\/div>\n\t\t\t\t<div class=\"elementor-element elementor-element-582f4fa elementor-widget elementor-widget-text-editor\" data-id=\"582f4fa\" data-element_type=\"widget\" data-e-type=\"widget\" data-widget_type=\"text-editor.default\">\n\t\t\t\t<div class=\"elementor-widget-container\">\n\t\t\t\t\t\t\t\t\t<p style=\"text-align: center;\"><span style=\"font-size: 14pt;\"><strong><span style=\"color: #000000;\">D\u00e9bats, guides de lecture, q<\/span><\/strong><strong><span style=\"color: #000000;\">uizz, anecdotes, s\u00e9lection d&rsquo;art geek&#8230; D\u00e9couvrez nos chroniques !<\/span><\/strong><\/span><\/p>\t\t\t\t\t\t\t\t<\/div>\n\t\t\t\t<\/div>\n\t\t\t\t<section class=\"elementor-section elementor-inner-section elementor-element elementor-element-513f584 elementor-section-boxed elementor-section-height-default elementor-section-height-default\" data-id=\"513f584\" data-element_type=\"section\" data-e-type=\"section\">\n\t\t\t\t\t\t<div class=\"elementor-container elementor-column-gap-default\">\n\t\t\t\t\t<div class=\"elementor-column elementor-col-50 elementor-inner-column elementor-element elementor-element-766c607\" data-id=\"766c607\" data-element_type=\"column\" data-e-type=\"column\">\n\t\t\t<div class=\"elementor-widget-wrap elementor-element-populated\">\n\t\t\t\t\t\t<div class=\"elementor-element elementor-element-e09e61c elementor-widget elementor-widget-image\" data-id=\"e09e61c\" data-element_type=\"widget\" data-e-type=\"widget\" data-widget_type=\"image.default\">\n\t\t\t\t<div class=\"elementor-widget-container\">\n\t\t\t\t\t\t\t\t\t\t\t\t\t\t\t\t<a href=\"https:\/\/comix-treme.com\/index.php\/category\/rubriques\/amplificatum\/\" target=\"_blank\">\n\t\t\t\t\t\t\t<img fetchpriority=\"high\" decoding=\"async\" width=\"1920\" height=\"1080\" src=\"https:\/\/comix-treme.com\/wp-content\/uploads\/2024\/10\/Amplificatum-Image-de-Presentation-2.jpg\" class=\"attachment-full size-full wp-image-16293\" alt=\"\" srcset=\"https:\/\/comix-treme.com\/wp-content\/uploads\/2024\/10\/Amplificatum-Image-de-Presentation-2.jpg 1920w, https:\/\/comix-treme.com\/wp-content\/uploads\/2024\/10\/Amplificatum-Image-de-Presentation-2-300x169.jpg 300w, https:\/\/comix-treme.com\/wp-content\/uploads\/2024\/10\/Amplificatum-Image-de-Presentation-2-1024x576.jpg 1024w, https:\/\/comix-treme.com\/wp-content\/uploads\/2024\/10\/Amplificatum-Image-de-Presentation-2-768x432.jpg 768w, https:\/\/comix-treme.com\/wp-content\/uploads\/2024\/10\/Amplificatum-Image-de-Presentation-2-1536x864.jpg 1536w\" sizes=\"(max-width: 1920px) 100vw, 1920px\" \/>\t\t\t\t\t\t\t\t<\/a>\n\t\t\t\t\t\t\t\t\t\t\t\t\t\t\t<\/div>\n\t\t\t\t<\/div>\n\t\t\t\t<div class=\"elementor-element elementor-element-1c82218 elementor-widget elementor-widget-image\" data-id=\"1c82218\" data-element_type=\"widget\" data-e-type=\"widget\" data-widget_type=\"image.default\">\n\t\t\t\t<div class=\"elementor-widget-container\">\n\t\t\t\t\t\t\t\t\t\t\t\t\t\t\t\t<a href=\"https:\/\/comix-treme.com\/index.php\/category\/rubriques\/comixguide\/\" target=\"_blank\">\n\t\t\t\t\t\t\t<img decoding=\"async\" width=\"1920\" height=\"1080\" src=\"https:\/\/comix-treme.com\/wp-content\/uploads\/2024\/10\/COMIXGUIDE-Image-de-Presentation-2.jpg\" class=\"attachment-full size-full wp-image-16289\" alt=\"\" srcset=\"https:\/\/comix-treme.com\/wp-content\/uploads\/2024\/10\/COMIXGUIDE-Image-de-Presentation-2.jpg 1920w, https:\/\/comix-treme.com\/wp-content\/uploads\/2024\/10\/COMIXGUIDE-Image-de-Presentation-2-300x169.jpg 300w, https:\/\/comix-treme.com\/wp-content\/uploads\/2024\/10\/COMIXGUIDE-Image-de-Presentation-2-1024x576.jpg 1024w, https:\/\/comix-treme.com\/wp-content\/uploads\/2024\/10\/COMIXGUIDE-Image-de-Presentation-2-768x432.jpg 768w, https:\/\/comix-treme.com\/wp-content\/uploads\/2024\/10\/COMIXGUIDE-Image-de-Presentation-2-1536x864.jpg 1536w\" sizes=\"(max-width: 1920px) 100vw, 1920px\" \/>\t\t\t\t\t\t\t\t<\/a>\n\t\t\t\t\t\t\t\t\t\t\t\t\t\t\t<\/div>\n\t\t\t\t<\/div>\n\t\t\t\t<div class=\"elementor-element elementor-element-c7f3fb9 elementor-widget elementor-widget-image\" data-id=\"c7f3fb9\" data-element_type=\"widget\" data-e-type=\"widget\" data-widget_type=\"image.default\">\n\t\t\t\t<div class=\"elementor-widget-container\">\n\t\t\t\t\t\t\t\t\t\t\t\t\t\t\t\t<a href=\"https:\/\/comix-treme.com\/index.php\/category\/rubriques\/connaissez-vous\/\" target=\"_blank\">\n\t\t\t\t\t\t\t<img decoding=\"async\" width=\"1920\" height=\"1080\" src=\"https:\/\/comix-treme.com\/wp-content\/uploads\/2024\/10\/Connaissez-vous-Image-de-Presentation-2.jpg\" class=\"attachment-full size-full wp-image-16292\" alt=\"\" srcset=\"https:\/\/comix-treme.com\/wp-content\/uploads\/2024\/10\/Connaissez-vous-Image-de-Presentation-2.jpg 1920w, https:\/\/comix-treme.com\/wp-content\/uploads\/2024\/10\/Connaissez-vous-Image-de-Presentation-2-300x169.jpg 300w, https:\/\/comix-treme.com\/wp-content\/uploads\/2024\/10\/Connaissez-vous-Image-de-Presentation-2-1024x576.jpg 1024w, https:\/\/comix-treme.com\/wp-content\/uploads\/2024\/10\/Connaissez-vous-Image-de-Presentation-2-768x432.jpg 768w, https:\/\/comix-treme.com\/wp-content\/uploads\/2024\/10\/Connaissez-vous-Image-de-Presentation-2-1536x864.jpg 1536w\" sizes=\"(max-width: 1920px) 100vw, 1920px\" \/>\t\t\t\t\t\t\t\t<\/a>\n\t\t\t\t\t\t\t\t\t\t\t\t\t\t\t<\/div>\n\t\t\t\t<\/div>\n\t\t\t\t<div class=\"elementor-element elementor-element-1088f17 elementor-widget elementor-widget-image\" data-id=\"1088f17\" data-element_type=\"widget\" data-e-type=\"widget\" data-widget_type=\"image.default\">\n\t\t\t\t<div class=\"elementor-widget-container\">\n\t\t\t\t\t\t\t\t\t\t\t\t\t\t\t\t<a href=\"https:\/\/comix-treme.com\/index.php\/category\/rubriques\/parlons-en\/\" target=\"_blank\">\n\t\t\t\t\t\t\t<img loading=\"lazy\" decoding=\"async\" width=\"1920\" height=\"1080\" src=\"https:\/\/comix-treme.com\/wp-content\/uploads\/2024\/10\/Parlons-en-Image-de-Presentation-2.jpg\" class=\"attachment-full size-full wp-image-16291\" alt=\"\" srcset=\"https:\/\/comix-treme.com\/wp-content\/uploads\/2024\/10\/Parlons-en-Image-de-Presentation-2.jpg 1920w, https:\/\/comix-treme.com\/wp-content\/uploads\/2024\/10\/Parlons-en-Image-de-Presentation-2-300x169.jpg 300w, https:\/\/comix-treme.com\/wp-content\/uploads\/2024\/10\/Parlons-en-Image-de-Presentation-2-1024x576.jpg 1024w, https:\/\/comix-treme.com\/wp-content\/uploads\/2024\/10\/Parlons-en-Image-de-Presentation-2-768x432.jpg 768w, https:\/\/comix-treme.com\/wp-content\/uploads\/2024\/10\/Parlons-en-Image-de-Presentation-2-1536x864.jpg 1536w\" sizes=\"(max-width: 1920px) 100vw, 1920px\" \/>\t\t\t\t\t\t\t\t<\/a>\n\t\t\t\t\t\t\t\t\t\t\t\t\t\t\t<\/div>\n\t\t\t\t<\/div>\n\t\t\t\t\t<\/div>\n\t\t<\/div>\n\t\t\t\t<div class=\"elementor-column elementor-col-50 elementor-inner-column elementor-element elementor-element-44ef1ae\" data-id=\"44ef1ae\" data-element_type=\"column\" data-e-type=\"column\">\n\t\t\t<div class=\"elementor-widget-wrap elementor-element-populated\">\n\t\t\t\t\t\t<div class=\"elementor-element elementor-element-586108e elementor-widget elementor-widget-image\" data-id=\"586108e\" data-element_type=\"widget\" data-e-type=\"widget\" data-widget_type=\"image.default\">\n\t\t\t\t<div class=\"elementor-widget-container\">\n\t\t\t\t\t\t\t\t\t\t\t\t\t\t\t\t<a href=\"https:\/\/comix-treme.com\/index.php\/category\/rubriques\/behind-the-wall\/\" target=\"_blank\">\n\t\t\t\t\t\t\t<img loading=\"lazy\" decoding=\"async\" width=\"1920\" height=\"1080\" src=\"https:\/\/comix-treme.com\/wp-content\/uploads\/2024\/10\/Behind-The-Wall-Image-de-Presentation-2.jpg\" class=\"attachment-full size-full wp-image-16290\" alt=\"\" srcset=\"https:\/\/comix-treme.com\/wp-content\/uploads\/2024\/10\/Behind-The-Wall-Image-de-Presentation-2.jpg 1920w, https:\/\/comix-treme.com\/wp-content\/uploads\/2024\/10\/Behind-The-Wall-Image-de-Presentation-2-300x169.jpg 300w, https:\/\/comix-treme.com\/wp-content\/uploads\/2024\/10\/Behind-The-Wall-Image-de-Presentation-2-1024x576.jpg 1024w, https:\/\/comix-treme.com\/wp-content\/uploads\/2024\/10\/Behind-The-Wall-Image-de-Presentation-2-768x432.jpg 768w, https:\/\/comix-treme.com\/wp-content\/uploads\/2024\/10\/Behind-The-Wall-Image-de-Presentation-2-1536x864.jpg 1536w\" sizes=\"(max-width: 1920px) 100vw, 1920px\" \/>\t\t\t\t\t\t\t\t<\/a>\n\t\t\t\t\t\t\t\t\t\t\t\t\t\t\t<\/div>\n\t\t\t\t<\/div>\n\t\t\t\t<div class=\"elementor-element elementor-element-436f437 elementor-widget elementor-widget-image\" data-id=\"436f437\" data-element_type=\"widget\" data-e-type=\"widget\" data-widget_type=\"image.default\">\n\t\t\t\t<div class=\"elementor-widget-container\">\n\t\t\t\t\t\t\t\t\t\t\t\t\t\t\t\t<a href=\"https:\/\/comix-treme.com\/index.php\/category\/rubriques\/comixquiz\/\" target=\"_blank\">\n\t\t\t\t\t\t\t<img loading=\"lazy\" decoding=\"async\" width=\"1920\" height=\"1080\" src=\"https:\/\/comix-treme.com\/wp-content\/uploads\/2023\/06\/COMIXQUIZ-Image-de-Presentation-2.jpg\" class=\"attachment-full size-full wp-image-14721\" alt=\"\" srcset=\"https:\/\/comix-treme.com\/wp-content\/uploads\/2023\/06\/COMIXQUIZ-Image-de-Presentation-2.jpg 1920w, https:\/\/comix-treme.com\/wp-content\/uploads\/2023\/06\/COMIXQUIZ-Image-de-Presentation-2-300x169.jpg 300w, https:\/\/comix-treme.com\/wp-content\/uploads\/2023\/06\/COMIXQUIZ-Image-de-Presentation-2-1024x576.jpg 1024w, https:\/\/comix-treme.com\/wp-content\/uploads\/2023\/06\/COMIXQUIZ-Image-de-Presentation-2-768x432.jpg 768w, https:\/\/comix-treme.com\/wp-content\/uploads\/2023\/06\/COMIXQUIZ-Image-de-Presentation-2-1536x864.jpg 1536w, https:\/\/comix-treme.com\/wp-content\/uploads\/2023\/06\/COMIXQUIZ-Image-de-Presentation-2-1080x608.jpg 1080w\" sizes=\"(max-width: 1920px) 100vw, 1920px\" \/>\t\t\t\t\t\t\t\t<\/a>\n\t\t\t\t\t\t\t\t\t\t\t\t\t\t\t<\/div>\n\t\t\t\t<\/div>\n\t\t\t\t<div class=\"elementor-element elementor-element-b55bdd7 elementor-widget elementor-widget-image\" data-id=\"b55bdd7\" data-element_type=\"widget\" data-e-type=\"widget\" data-widget_type=\"image.default\">\n\t\t\t\t<div class=\"elementor-widget-container\">\n\t\t\t\t\t\t\t\t\t\t\t\t\t\t\t\t<a href=\"https:\/\/comix-treme.com\/index.php\/category\/rubriques\/geekart\/\" target=\"_blank\">\n\t\t\t\t\t\t\t<img loading=\"lazy\" decoding=\"async\" width=\"1920\" height=\"1080\" src=\"https:\/\/comix-treme.com\/wp-content\/uploads\/2021\/10\/Arriere-Plan-4.jpg\" class=\"attachment-full size-full wp-image-10469\" alt=\"\" srcset=\"https:\/\/comix-treme.com\/wp-content\/uploads\/2021\/10\/Arriere-Plan-4.jpg 1920w, https:\/\/comix-treme.com\/wp-content\/uploads\/2021\/10\/Arriere-Plan-4-300x169.jpg 300w, https:\/\/comix-treme.com\/wp-content\/uploads\/2021\/10\/Arriere-Plan-4-1024x576.jpg 1024w, https:\/\/comix-treme.com\/wp-content\/uploads\/2021\/10\/Arriere-Plan-4-768x432.jpg 768w, https:\/\/comix-treme.com\/wp-content\/uploads\/2021\/10\/Arriere-Plan-4-1536x864.jpg 1536w\" sizes=\"(max-width: 1920px) 100vw, 1920px\" \/>\t\t\t\t\t\t\t\t<\/a>\n\t\t\t\t\t\t\t\t\t\t\t\t\t\t\t<\/div>\n\t\t\t\t<\/div>\n\t\t\t\t\t<\/div>\n\t\t<\/div>\n\t\t\t\t\t<\/div>\n\t\t<\/section>\n\t\t\t\t\t<\/div>\n\t\t<\/div>\n\t\t\t\t\t<\/div>\n\t\t<\/section>\n\t\t\t\t<\/div>\n\t\t","protected":false},"excerpt":{"rendered":"<p>LES RUBRIQUES D\u00e9bats, guides de lecture, quizz, anecdotes, s\u00e9lection d&rsquo;art geek&#8230; D\u00e9couvrez nos chroniques !<\/p>\n","protected":false},"author":2,"featured_media":16311,"parent":0,"menu_order":0,"comment_status":"closed","ping_status":"closed","template":"","meta":{"footnotes":""},"class_list":["post-16236","page","type-page","status-publish","has-post-thumbnail","hentry"],"yoast_head":"<!-- This site is optimized with the Yoast SEO plugin v25.6 - https:\/\/yoast.com\/wordpress\/plugins\/seo\/ -->\n<title>Rubriques - COMIX&#039;TR\u00caME<\/title>\n<meta name=\"robots\" content=\"index, follow, max-snippet:-1, max-image-preview:large, max-video-preview:-1\" \/>\n<link rel=\"canonical\" href=\"https:\/\/comix-treme.com\/index.php\/rubriques\/\" \/>\n<meta property=\"og:locale\" content=\"fr_FR\" \/>\n<meta property=\"og:type\" content=\"article\" \/>\n<meta property=\"og:title\" content=\"Rubriques - COMIX&#039;TR\u00caME\" \/>\n<meta property=\"og:description\" content=\"LES RUBRIQUES D\u00e9bats, guides de lecture, quizz, anecdotes, s\u00e9lection d&rsquo;art geek&#8230; D\u00e9couvrez nos chroniques !\" \/>\n<meta property=\"og:url\" content=\"https:\/\/comix-treme.com\/index.php\/rubriques\/\" \/>\n<meta property=\"og:site_name\" content=\"COMIX&#039;TR\u00caME\" \/>\n<meta property=\"article:modified_time\" content=\"2024-10-10T12:16:21+00:00\" \/>\n<meta property=\"og:image\" content=\"https:\/\/comix-treme.com\/wp-content\/uploads\/2024\/10\/FLASH-1024x576.png\" \/>\n\t<meta property=\"og:image:width\" content=\"1024\" \/>\n\t<meta property=\"og:image:height\" content=\"576\" \/>\n\t<meta property=\"og:image:type\" content=\"image\/png\" \/>\n<meta name=\"twitter:card\" content=\"summary_large_image\" \/>\n<meta name=\"twitter:label1\" content=\"Dur\u00e9e de lecture estim\u00e9e\" \/>\n\t<meta name=\"twitter:data1\" content=\"2 minutes\" \/>\n<script type=\"application\/ld+json\" class=\"yoast-schema-graph\">{\"@context\":\"https:\/\/schema.org\",\"@graph\":[{\"@type\":\"WebPage\",\"@id\":\"https:\/\/comix-treme.com\/index.php\/rubriques\/\",\"url\":\"https:\/\/comix-treme.com\/index.php\/rubriques\/\",\"name\":\"Rubriques - COMIX&#039;TR\u00caME\",\"isPartOf\":{\"@id\":\"https:\/\/comix-treme.com\/#website\"},\"primaryImageOfPage\":{\"@id\":\"https:\/\/comix-treme.com\/index.php\/rubriques\/#primaryimage\"},\"image\":{\"@id\":\"https:\/\/comix-treme.com\/index.php\/rubriques\/#primaryimage\"},\"thumbnailUrl\":\"https:\/\/comix-treme.com\/wp-content\/uploads\/2024\/10\/FLASH.png\",\"datePublished\":\"2024-10-07T12:19:53+00:00\",\"dateModified\":\"2024-10-10T12:16:21+00:00\",\"breadcrumb\":{\"@id\":\"https:\/\/comix-treme.com\/index.php\/rubriques\/#breadcrumb\"},\"inLanguage\":\"fr-FR\",\"potentialAction\":[{\"@type\":\"ReadAction\",\"target\":[\"https:\/\/comix-treme.com\/index.php\/rubriques\/\"]}]},{\"@type\":\"ImageObject\",\"inLanguage\":\"fr-FR\",\"@id\":\"https:\/\/comix-treme.com\/index.php\/rubriques\/#primaryimage\",\"url\":\"https:\/\/comix-treme.com\/wp-content\/uploads\/2024\/10\/FLASH.png\",\"contentUrl\":\"https:\/\/comix-treme.com\/wp-content\/uploads\/2024\/10\/FLASH.png\",\"width\":1916,\"height\":1078},{\"@type\":\"BreadcrumbList\",\"@id\":\"https:\/\/comix-treme.com\/index.php\/rubriques\/#breadcrumb\",\"itemListElement\":[{\"@type\":\"ListItem\",\"position\":1,\"name\":\"Home\",\"item\":\"https:\/\/comix-treme.com\/\"},{\"@type\":\"ListItem\",\"position\":2,\"name\":\"Rubriques\"}]},{\"@type\":\"WebSite\",\"@id\":\"https:\/\/comix-treme.com\/#website\",\"url\":\"https:\/\/comix-treme.com\/\",\"name\":\"COMIX&#039;TR\u00caME\",\"description\":\"Pour les fans de comics, \u00e0 l&#039;extr\u00eame !\",\"publisher\":{\"@id\":\"https:\/\/comix-treme.com\/#organization\"},\"potentialAction\":[{\"@type\":\"SearchAction\",\"target\":{\"@type\":\"EntryPoint\",\"urlTemplate\":\"https:\/\/comix-treme.com\/?s={search_term_string}\"},\"query-input\":{\"@type\":\"PropertyValueSpecification\",\"valueRequired\":true,\"valueName\":\"search_term_string\"}}],\"inLanguage\":\"fr-FR\"},{\"@type\":\"Organization\",\"@id\":\"https:\/\/comix-treme.com\/#organization\",\"name\":\"COMIX&#039;TR\u00caME\",\"url\":\"https:\/\/comix-treme.com\/\",\"logo\":{\"@type\":\"ImageObject\",\"inLanguage\":\"fr-FR\",\"@id\":\"https:\/\/comix-treme.com\/#\/schema\/logo\/image\/\",\"url\":\"https:\/\/comix-treme.com\/wp-content\/uploads\/2023\/03\/cropped-Banniere-10-Sans-Fond-Version-2.png\",\"contentUrl\":\"https:\/\/comix-treme.com\/wp-content\/uploads\/2023\/03\/cropped-Banniere-10-Sans-Fond-Version-2.png\",\"width\":3261,\"height\":862,\"caption\":\"COMIX&#039;TR\u00caME\"},\"image\":{\"@id\":\"https:\/\/comix-treme.com\/#\/schema\/logo\/image\/\"}}]}<\/script>\n<!-- \/ Yoast SEO plugin. -->","yoast_head_json":{"title":"Rubriques - COMIX&#039;TR\u00caME","robots":{"index":"index","follow":"follow","max-snippet":"max-snippet:-1","max-image-preview":"max-image-preview:large","max-video-preview":"max-video-preview:-1"},"canonical":"https:\/\/comix-treme.com\/index.php\/rubriques\/","og_locale":"fr_FR","og_type":"article","og_title":"Rubriques - COMIX&#039;TR\u00caME","og_description":"LES RUBRIQUES D\u00e9bats, guides de lecture, quizz, anecdotes, s\u00e9lection d&rsquo;art geek&#8230; D\u00e9couvrez nos chroniques !","og_url":"https:\/\/comix-treme.com\/index.php\/rubriques\/","og_site_name":"COMIX&#039;TR\u00caME","article_modified_time":"2024-10-10T12:16:21+00:00","og_image":[{"width":1024,"height":576,"url":"https:\/\/comix-treme.com\/wp-content\/uploads\/2024\/10\/FLASH-1024x576.png","type":"image\/png"}],"twitter_card":"summary_large_image","twitter_misc":{"Dur\u00e9e de lecture estim\u00e9e":"2 minutes"},"schema":{"@context":"https:\/\/schema.org","@graph":[{"@type":"WebPage","@id":"https:\/\/comix-treme.com\/index.php\/rubriques\/","url":"https:\/\/comix-treme.com\/index.php\/rubriques\/","name":"Rubriques - COMIX&#039;TR\u00caME","isPartOf":{"@id":"https:\/\/comix-treme.com\/#website"},"primaryImageOfPage":{"@id":"https:\/\/comix-treme.com\/index.php\/rubriques\/#primaryimage"},"image":{"@id":"https:\/\/comix-treme.com\/index.php\/rubriques\/#primaryimage"},"thumbnailUrl":"https:\/\/comix-treme.com\/wp-content\/uploads\/2024\/10\/FLASH.png","datePublished":"2024-10-07T12:19:53+00:00","dateModified":"2024-10-10T12:16:21+00:00","breadcrumb":{"@id":"https:\/\/comix-treme.com\/index.php\/rubriques\/#breadcrumb"},"inLanguage":"fr-FR","potentialAction":[{"@type":"ReadAction","target":["https:\/\/comix-treme.com\/index.php\/rubriques\/"]}]},{"@type":"ImageObject","inLanguage":"fr-FR","@id":"https:\/\/comix-treme.com\/index.php\/rubriques\/#primaryimage","url":"https:\/\/comix-treme.com\/wp-content\/uploads\/2024\/10\/FLASH.png","contentUrl":"https:\/\/comix-treme.com\/wp-content\/uploads\/2024\/10\/FLASH.png","width":1916,"height":1078},{"@type":"BreadcrumbList","@id":"https:\/\/comix-treme.com\/index.php\/rubriques\/#breadcrumb","itemListElement":[{"@type":"ListItem","position":1,"name":"Home","item":"https:\/\/comix-treme.com\/"},{"@type":"ListItem","position":2,"name":"Rubriques"}]},{"@type":"WebSite","@id":"https:\/\/comix-treme.com\/#website","url":"https:\/\/comix-treme.com\/","name":"COMIX&#039;TR\u00caME","description":"Pour les fans de comics, \u00e0 l&#039;extr\u00eame !","publisher":{"@id":"https:\/\/comix-treme.com\/#organization"},"potentialAction":[{"@type":"SearchAction","target":{"@type":"EntryPoint","urlTemplate":"https:\/\/comix-treme.com\/?s={search_term_string}"},"query-input":{"@type":"PropertyValueSpecification","valueRequired":true,"valueName":"search_term_string"}}],"inLanguage":"fr-FR"},{"@type":"Organization","@id":"https:\/\/comix-treme.com\/#organization","name":"COMIX&#039;TR\u00caME","url":"https:\/\/comix-treme.com\/","logo":{"@type":"ImageObject","inLanguage":"fr-FR","@id":"https:\/\/comix-treme.com\/#\/schema\/logo\/image\/","url":"https:\/\/comix-treme.com\/wp-content\/uploads\/2023\/03\/cropped-Banniere-10-Sans-Fond-Version-2.png","contentUrl":"https:\/\/comix-treme.com\/wp-content\/uploads\/2023\/03\/cropped-Banniere-10-Sans-Fond-Version-2.png","width":3261,"height":862,"caption":"COMIX&#039;TR\u00caME"},"image":{"@id":"https:\/\/comix-treme.com\/#\/schema\/logo\/image\/"}}]}},"jetpack_sharing_enabled":true,"jetpack_likes_enabled":true,"jetpack-related-posts":[],"jetpack_shortlink":"https:\/\/wp.me\/Pb2Nr0-4dS","_links":{"self":[{"href":"https:\/\/comix-treme.com\/index.php\/wp-json\/wp\/v2\/pages\/16236"}],"collection":[{"href":"https:\/\/comix-treme.com\/index.php\/wp-json\/wp\/v2\/pages"}],"about":[{"href":"https:\/\/comix-treme.com\/index.php\/wp-json\/wp\/v2\/types\/page"}],"author":[{"embeddable":true,"href":"https:\/\/comix-treme.com\/index.php\/wp-json\/wp\/v2\/users\/2"}],"replies":[{"embeddable":true,"href":"https:\/\/comix-treme.com\/index.php\/wp-json\/wp\/v2\/comments?post=16236"}],"version-history":[{"count":50,"href":"https:\/\/comix-treme.com\/index.php\/wp-json\/wp\/v2\/pages\/16236\/revisions"}],"predecessor-version":[{"id":16388,"href":"https:\/\/comix-treme.com\/index.php\/wp-json\/wp\/v2\/pages\/16236\/revisions\/16388"}],"wp:featuredmedia":[{"embeddable":true,"href":"https:\/\/comix-treme.com\/index.php\/wp-json\/wp\/v2\/media\/16311"}],"wp:attachment":[{"href":"https:\/\/comix-treme.com\/index.php\/wp-json\/wp\/v2\/media?parent=16236"}],"curies":[{"name":"wp","href":"https:\/\/api.w.org\/{rel}","templated":true}]}}